{"id":111,"date":"2016-05-09T13:02:32","date_gmt":"2016-05-09T11:02:32","guid":{"rendered":"http:\/\/chrischona.st-schuler.de\/?page_id=111"},"modified":"2024-11-29T08:58:58","modified_gmt":"2024-11-29T07:58:58","slug":"impressum","status":"publish","type":"page","link":"https:\/\/backup.chrischona-altheim.de\/?page_id=111","title":{"rendered":"Impressum"},"content":{"rendered":"<p>Dies ist die Homepage der Ev. Chrischona-Gemeinde Altheim\/Alb.<\/p>\n<p>F\u00fcr den Inhalt unserer eigenen Seiten ist i.S.d. \u00a718 Abs.2 MStV: Matthias Rupp verantwortlich:<\/p>\n<p>Ev. Chrischona-Gemeinde Altheim\/Alb<br \/>\nBrunnengasse 3<br \/>\n89174 Altheim\/Alb<\/p>\n<p>Telefon:\u00a0\u00a0\u00a0\u00a0\u00a0\u00a0\u00a0 +49 (0) 7340\/6148<br \/>\nE-Mail: \u00a0\u00a0\u00a0\u00a0\u00a0\u00a0\u00a0\u00a0\u00a0 info@chrischona-altheim.de<\/p>\n<p>Die im Internetauftritt verwendeten Bilder, Marken und Logos sind gesch\u00fctzt. Es ist nicht gestattet, diese Bilder, Marken oder Logos ohne vorherige Zustimmung zu nutzen.<\/p>\n<p><strong>Angaben gem\u00e4\u00df \u00a7 5 TMG:<\/strong><\/p>\n<p>Die Ev. Chrischona-Gemeinde Altheim\/Alb geh\u00f6rt zum:<\/p>\n<p><span class=\"TextRun SCXO47148507 BCX0\" lang=\"DE-DE\" xml:lang=\"DE-DE\" data-contrast=\"auto\"><span class=\"NormalTextRun SCXO47148507 BCX0\">C1 Evangelischer Gemeindebund e. V.<\/span><\/span><br \/>\nGottlieb-Daimler-Str. 22<br \/>\n35398 Gie\u00dfen<\/p>\n<p><strong>Vertreten u.a. durch:<\/strong><\/p>\n<p>Herr Wieland M\u00fcller, Vorsitzender (Verantwortlicher im Sinne des MStV)<br \/>\nHerr Johannes Jahn, Leiter Finanzen<\/p>\n<p>Gottlieb-Daimler-Str. 22<br \/>\n35398 Gie\u00dfen<\/p>\n<p>Weitere Informationen: <a href=\"http:\/\/www.chrischona.de\/\">www.chrischona.de<\/a><\/p>\n<p><strong>Kontakt:<\/strong><\/p>\n<p>Telefon: +49 (0) 641 60592 &#8211; 08<br \/>\nTelefax: +49 (0) 641 60592 \u2013 10<br \/>\nE-Mail: verwaltung@chrischona.org<\/p>\n<p><strong>Registereintrag:<\/strong><\/p>\n<p>Eintragung im Vereinsregister<br \/>\nRegistergericht: Amtsgericht Gie\u00dfen<br \/>\nRegisternummer: VR 2334<br \/>\nUmsatzsteuer-Identifikationsnummer gem\u00e4\u00df \u00a727 a Umsatzsteuergesetz: 20 250 62595<\/p>\n<h3><strong>Haftung f\u00fcr Inhalte<\/strong><\/h3>\n<p>Die Inhalte dieser Website werden mit gr\u00f6\u00dftm\u00f6glicher Sorgfalt erstellt. Der Anbieter \u00fcbernimmt jedoch keine Gew\u00e4hr f\u00fcr die Richtigkeit, Vollst\u00e4ndigkeit und Aktualit\u00e4t der bereitgestellten Inhalte. Die Nutzung der Inhalte der Website erfolgt auf eigene Gefahr des Nutzers.<\/p>\n<p>Namentlich gekennzeichnete Beitr\u00e4ge geben die Meinung des jeweiligen Autors und nicht immer die Meinung des Anbieters wieder. Mit der reinen Nutzung der Website des Anbieters kommt keinerlei Vertragsverh\u00e4ltnis zwischen dem Nutzer und dem Anbieter zustande.<\/p>\n<p>Als Diensteanbieter sind wir gem\u00e4\u00df \u00a7 7 Abs.1 TMG f\u00fcr eigene Inhalte auf diesen Seiten nach den allgemeinen Gesetzen verantwortlich. Nach \u00a7\u00a7 8 bis 10 TMG sind wir als Diensteanbieter jedoch nicht verpflichtet, \u00fcbermittelte oder gespeicherte fremde Informationen zu \u00fcberwachen oder nach Umst\u00e4nden zu forschen, die auf eine rechtswidrige T\u00e4tigkeit hinweisen.<\/p>\n<p>Verpflichtungen zur Entfernung oder Sperrung der Nutzung von Informationen nach den allgemeinen Gesetzen bleiben hiervon unber\u00fchrt. Eine diesbez\u00fcgliche Haftung ist jedoch erst ab dem Zeitpunkt der Kenntnis einer konkreten Rechtsverletzung m\u00f6glich. Bei Bekanntwerden von entsprechenden Rechtsverletzungen werden wir diese Inhalte umgehend entfernen.<\/p>\n<h3><strong>Haftung f\u00fcr Links<\/strong><\/h3>\n<p>Unser Angebot enth\u00e4lt Links zu externen Webseiten Dritter, auf deren Inhalte wir keinen Einfluss haben. Deshalb k\u00f6nnen wir f\u00fcr diese fremden Inhalte auch keine Gew\u00e4hr \u00fcbernehmen. F\u00fcr die Inhalte der verlinkten Seiten ist stets der jeweilige Anbieter oder Betreiber der Seiten verantwortlich. Die verlinkten Seiten wurden zum Zeitpunkt der Verlinkung auf m\u00f6gliche Rechtsverst\u00f6\u00dfe \u00fcberpr\u00fcft. Rechtswidrige Inhalte waren zum Zeitpunkt der Verlinkung nicht erkennbar. Eine permanente inhaltliche Kontrolle der verlinkten Seiten ist jedoch ohne konkrete Anhaltspunkte einer Rechtsverletzung nicht zumutbar. Bei Bekanntwerden von Rechtsverletzungen werden wir derartige Links umgehend entfernen.<\/p>\n<h3><strong>Urheberrecht<\/strong><\/h3>\n<p>Die durch die Seitenbetreiber erstellten Inhalte und Werke auf diesen Seiten unterliegen dem deutschen Urheberrecht. Die Vervielf\u00e4ltigung, Bearbeitung, Verbreitung und jede Art der Verwertung au\u00dferhalb der Grenzen des Urheberrechtes bed\u00fcrfen der schriftlichen Zustimmung des jeweiligen Autors bzw. Erstellers. Downloads und Kopien dieser Seite sind nur f\u00fcr den privaten, nicht kommerziellen Gebrauch gestattet.<\/p>\n<p>Soweit die Inhalte auf dieser Seite nicht vom Betreiber erstellt wurden, werden die Urheberrechte Dritter beachtet. Insbesondere werden Inhalte Dritter als solche gekennzeichnet. Sollten Sie trotzdem auf eine Urheberrechtsverletzung aufmerksam werden, bitten wir um einen entsprechenden Hinweis. Bei Bekanntwerden von Rechtsverletzungen werden wir derartige Inhalte umgehend entfernen.<\/p>\n<h3><strong>Datenschutz<\/strong><\/h3>\n<p>Die aktuelle <a href=\"https:\/\/backup.chrischona-altheim.de\/?page_id=2665\"><span style=\"text-decoration: underline;\">Datenschutzerkl\u00e4rung<\/span><\/a> f\u00fcr diese Seite finden Sie <a href=\"https:\/\/backup.chrischona-altheim.de\/?page_id=2665\"><u>hier<\/u><\/a>.<\/p>\n","protected":false},"excerpt":{"rendered":"<p>Dies ist die Homepage der Ev. Chrischona-Gemeinde Altheim\/Alb. F\u00fcr den Inhalt unserer eigenen Seiten ist i.S.d. \u00a718 Abs.2 MStV: Matthias Rupp verantwortlich: Ev. Chrischona-Gemeinde Altheim\/Alb Brunnengasse 3 89174 Altheim\/Alb Telefon:\u00a0\u00a0\u00a0\u00a0\u00a0\u00a0\u00a0 +49 (0) 7340\/6148 E-Mail: \u00a0\u00a0\u00a0\u00a0\u00a0\u00a0\u00a0\u00a0\u00a0 info@chrischona-altheim.de Die im Internetauftritt verwendeten &#8230;<\/p>\n","protected":false},"author":1,"featured_media":0,"parent":0,"menu_order":0,"comment_status":"closed","ping_status":"closed","template":"","meta":{"_acf_changed":false,"advgb_blocks_editor_width":"","advgb_blocks_columns_visual_guide":"","footnotes":""},"class_list":["post-111","page","type-page","status-publish","hentry"],"acf":[],"coauthors":[],"author_meta":{"author_link":"https:\/\/backup.chrischona-altheim.de\/?author=1","display_name":"Steph"},"relative_dates":{"created":"Posted 10\u00a0Jahren ago","modified":"Updated 1\u00a0Jahr ago"},"absolute_dates":{"created":"Posted on 9. Mai 2016","modified":"Updated on 29. November 2024"},"absolute_dates_time":{"created":"Posted on 9. Mai 2016 13:02","modified":"Updated on 29. November 2024 8:58"},"featured_img_caption":"","featured_img":false,"series_order":"","_links":{"self":[{"href":"https:\/\/backup.chrischona-altheim.de\/index.php?rest_route=\/wp\/v2\/pages\/111","targetHints":{"allow":["GET"]}}],"collection":[{"href":"https:\/\/backup.chrischona-altheim.de\/index.php?rest_route=\/wp\/v2\/pages"}],"about":[{"href":"https:\/\/backup.chrischona-altheim.de\/index.php?rest_route=\/wp\/v2\/types\/page"}],"author":[{"embeddable":true,"href":"https:\/\/backup.chrischona-altheim.de\/index.php?rest_route=\/wp\/v2\/users\/1"}],"replies":[{"embeddable":true,"href":"https:\/\/backup.chrischona-altheim.de\/index.php?rest_route=%2Fwp%2Fv2%2Fcomments&post=111"}],"version-history":[{"count":20,"href":"https:\/\/backup.chrischona-altheim.de\/index.php?rest_route=\/wp\/v2\/pages\/111\/revisions"}],"predecessor-version":[{"id":7126,"href":"https:\/\/backup.chrischona-altheim.de\/index.php?rest_route=\/wp\/v2\/pages\/111\/revisions\/7126"}],"wp:attachment":[{"href":"https:\/\/backup.chrischona-altheim.de\/index.php?rest_route=%2Fwp%2Fv2%2Fmedia&parent=111"}],"curies":[{"name":"wp","href":"https:\/\/api.w.org\/{rel}","templated":true}]}}