{"id":115,"date":"2016-05-09T13:04:10","date_gmt":"2016-05-09T11:04:10","guid":{"rendered":"http:\/\/chrischona.st-schuler.de\/?page_id=115"},"modified":"2024-03-21T20:26:50","modified_gmt":"2024-03-21T19:26:50","slug":"gottesdienst","status":"publish","type":"page","link":"https:\/\/backup.chrischona-altheim.de\/?page_id=115","title":{"rendered":"Gottesdienst"},"content":{"rendered":"\n<div class=\"wp-block-columns has-2-columns is-layout-flex wp-container-core-columns-is-layout-28f84493 wp-block-columns-is-layout-flex\">\n<div class=\"wp-block-column is-layout-flow wp-block-column-is-layout-flow\">\n<h3>Gott begegnen und Gott feiern<\/h3>\n\n\n\n<p><strong><span style=\"color: #b12319;\">Sonntags um 10.00 Uhr<\/span><\/strong><\/p>\nUnsere lebendigen und alltagsrelevanten Gottesdienste geben Raum, gemeinsam Gott zu erleben.\nPredigt und Anbetungsmusik, ein Lied f\u00fcr die Kinder und alle 4 Wochen das gemeinsame Abendmahl sind Teil des Programm am Sonntagmorgen.\nParallel findet ein Kindergottesdienst statt. &nbsp;<br data-rich-text-line-break=\"true\"> \n<p>Am ersten Sonntag im Monat blicken wir mit unserem <strong>Missionsgebet<\/strong> \u00fcber unseren Tellerrand hinaus. Wir beten f\u00fcr <a href=\"https:\/\/backup.chrischona-altheim.de\/?page_id=36\">drei Familien,<\/a> die in unterschiedlichen Diensten in Deutschland und Paraguay t\u00e4tig sind. Die Kollekte wird an diesem Tag zu Gunsten dieser Familien eingesammelt.<\/p>\n<\/div>\n\n\n\n<div class=\"wp-block-column is-layout-flow wp-block-column-is-layout-flow\">\n<p><strong><span style=\"color: #b12319;\">Gottesdienst f\u00fcr Kinder<\/span><\/strong><\/p>\n<p> Kinder sind bei uns ganz besonders herzlich willkommen und im Gottesdienst von Beginn an mit dabei. Nach einer gemeinsamen Zeit mit den Erwachsenen werden die&nbsp;<strong>Kinder ab 5 Jahren&nbsp;<\/strong>dann in ihren eigenen Gottesdienst im \u201eKinderabenteuerland\u201c verabschiedet.&nbsp;Die Sch\u00e4fchen (ab ca.2-5 Jahre) treffen sich im &#8222;kleinen Saal&#8220;, um auf kindgerechte und spielerische Art und Weise biblische Geschichten und christliche Werte zu lernen. F\u00fcr M\u00fctter und V\u00e4ter mit Kindern 0-2 steht ein Eltern-Kind-Raum mit Ton\u00fcbertragung und Blick in den Gottesdienstraum zur Verf\u00fcgung.&nbsp;<\/p>\n\n\n\n<p><strong><span style=\"color: #b12319;\">Und nach dem Gottesdienst&#8230;<\/span><\/strong><\/p>\n<p>&#8230;gibt es die M\u00f6glichkeit den Stehkaffe (1x im Monat)zu geniessen und einmal im Monat findet das bring&#038;share Mittagessen statt.<\/p>\n\n\n\n<p>Predigt verpasst? <a href=\"https:\/\/backup.chrischona-altheim.de\/?page_id=38\">Hier<\/a>&nbsp;finden sich alle Predigten zum herunterladen.<\/p>\n<\/div>\n<\/div>\n","protected":false},"excerpt":{"rendered":"<p>Gott begegnen und Gott feiern Sonntags um 10.00 Uhr Unsere lebendigen und alltagsrelevanten Gottesdienste geben Raum, gemeinsam Gott zu erleben. Predigt und Anbetungsmusik, ein Lied f\u00fcr die Kinder und alle 4 Wochen das gemeinsame Abendmahl sind Teil des Programm am &#8230;<\/p>\n","protected":false},"author":1,"featured_media":0,"parent":0,"menu_order":0,"comment_status":"closed","ping_status":"closed","template":"","meta":{"_acf_changed":false,"advgb_blocks_editor_width":"","advgb_blocks_columns_visual_guide":"","footnotes":""},"class_list":["post-115","page","type-page","status-publish","hentry"],"acf":[],"coauthors":[],"author_meta":{"author_link":"https:\/\/backup.chrischona-altheim.de\/?author=1","display_name":"Steph"},"relative_dates":{"created":"Posted 10\u00a0Jahren ago","modified":"Updated 2\u00a0Jahren ago"},"absolute_dates":{"created":"Posted on 9. Mai 2016","modified":"Updated on 21. M\u00e4rz 2024"},"absolute_dates_time":{"created":"Posted on 9. Mai 2016 13:04","modified":"Updated on 21. M\u00e4rz 2024 20:26"},"featured_img_caption":"","featured_img":false,"series_order":"","_links":{"self":[{"href":"https:\/\/backup.chrischona-altheim.de\/index.php?rest_route=\/wp\/v2\/pages\/115","targetHints":{"allow":["GET"]}}],"collection":[{"href":"https:\/\/backup.chrischona-altheim.de\/index.php?rest_route=\/wp\/v2\/pages"}],"about":[{"href":"https:\/\/backup.chrischona-altheim.de\/index.php?rest_route=\/wp\/v2\/types\/page"}],"author":[{"embeddable":true,"href":"https:\/\/backup.chrischona-altheim.de\/index.php?rest_route=\/wp\/v2\/users\/1"}],"replies":[{"embeddable":true,"href":"https:\/\/backup.chrischona-altheim.de\/index.php?rest_route=%2Fwp%2Fv2%2Fcomments&post=115"}],"version-history":[{"count":31,"href":"https:\/\/backup.chrischona-altheim.de\/index.php?rest_route=\/wp\/v2\/pages\/115\/revisions"}],"predecessor-version":[{"id":6824,"href":"https:\/\/backup.chrischona-altheim.de\/index.php?rest_route=\/wp\/v2\/pages\/115\/revisions\/6824"}],"wp:attachment":[{"href":"https:\/\/backup.chrischona-altheim.de\/index.php?rest_route=%2Fwp%2Fv2%2Fmedia&parent=115"}],"curies":[{"name":"wp","href":"https:\/\/api.w.org\/{rel}","templated":true}]}}