{"id":18,"date":"2016-05-05T16:33:56","date_gmt":"2016-05-05T14:33:56","guid":{"rendered":"http:\/\/chrischonawp.st-schuler.de\/?page_id=18"},"modified":"2024-03-21T21:26:26","modified_gmt":"2024-03-21T20:26:26","slug":"prediger","status":"publish","type":"page","link":"https:\/\/backup.chrischona-altheim.de\/?page_id=18","title":{"rendered":"Gemeinschaftspastor"},"content":{"rendered":"<p><a href=\"https:\/\/backup.chrischona-altheim.de\/wp-content\/uploads\/Oktober-2020-3-scaled.jpg\"><img loading=\"lazy\" decoding=\"async\" class=\"alignleft wp-image-5018\" src=\"https:\/\/backup.chrischona-altheim.de\/wp-content\/uploads\/Oktober-2020-3-199x300.jpg\" alt=\"\" width=\"226\" height=\"341\" srcset=\"https:\/\/backup.chrischona-altheim.de\/wp-content\/uploads\/Oktober-2020-3-199x300.jpg 199w, https:\/\/backup.chrischona-altheim.de\/wp-content\/uploads\/Oktober-2020-3-681x1024.jpg 681w, https:\/\/backup.chrischona-altheim.de\/wp-content\/uploads\/Oktober-2020-3-768x1155.jpg 768w, https:\/\/backup.chrischona-altheim.de\/wp-content\/uploads\/Oktober-2020-3-1021x1536.jpg 1021w, https:\/\/backup.chrischona-altheim.de\/wp-content\/uploads\/Oktober-2020-3-1362x2048.jpg 1362w, https:\/\/backup.chrischona-altheim.de\/wp-content\/uploads\/Oktober-2020-3-scaled.jpg 1702w\" sizes=\"auto, (max-width: 226px) 100vw, 226px\" \/><\/a>Seit September 2017 ist Matthias Rupp (Jahrgang 1988) unser Gemeinschaftspastor.\u00a0 Mit seiner Frau Ruth und ihren f\u00fcnf Kindern sind sie von L\u00f6rrach nach Altheim gezogen.<\/p>\n<p>Nach seiner Bundeswehrzeit und dem Abitur auf zweitem\u00a0 Bildungsweg, studierte Matthias insgesamt f\u00fcnf Jahre Theologie am <a href=\"https:\/\/tsc.education\/home.html\">Theologischen Seminar St. Chrischona<\/a> (Bettingen, bei Basel, Schweiz). Zu diesem Studium geh\u00f6rte ein Praxisjahr, das er mit seiner Familie mit der Missionsorganisation OM in England\u00a0 verbrachte. Neben dem Studium arbeitete er als Hilfskoch und\u00a0 Landschaftsg\u00e4rtner.<\/p>\n<p>Begeistern l\u00e4sst sich Matthias nahezu f\u00fcr jede Team-Ballsportart (am liebsten Fu\u00dfball). Zu seinen Leidenschaften z\u00e4hlen au\u00dferdem Gitarre spielen, kochen und allerlei Holzarbeiten. Es liegt ihm besonders am Herzen, dass Menschen vor Ort und auf der ganzen Welt Jesus kennen lernen, im Glauben\u00a0 wachsen und durch die Kraft des Wortes Gottes ver\u00e4ndert werden.<\/p>\n<p>Zu erreichen ist unser Pastor im Gemeindeb\u00fcro unter der Nummer 07340\/6148 und per E-Mail an <a href=\"mailto:info@chrischona-altheim.de\">info@chrischona-altheim.de<\/a><\/p>\n","protected":false},"excerpt":{"rendered":"<p>Seit September 2017 ist Matthias Rupp (Jahrgang 1988) unser Gemeinschaftspastor.\u00a0 Mit seiner Frau Ruth und ihren f\u00fcnf Kindern sind sie von L\u00f6rrach nach Altheim gezogen. Nach seiner Bundeswehrzeit und dem Abitur auf zweitem\u00a0 Bildungsweg, studierte Matthias insgesamt f\u00fcnf Jahre Theologie &#8230;<\/p>\n","protected":false},"author":1,"featured_media":0,"parent":0,"menu_order":0,"comment_status":"closed","ping_status":"closed","template":"","meta":{"_acf_changed":false,"advgb_blocks_editor_width":"","advgb_blocks_columns_visual_guide":"","footnotes":""},"class_list":["post-18","page","type-page","status-publish","hentry"],"acf":[],"coauthors":[],"author_meta":{"author_link":"https:\/\/backup.chrischona-altheim.de\/?author=1","display_name":"Steph"},"relative_dates":{"created":"Posted 10\u00a0Jahren ago","modified":"Updated 2\u00a0Jahren ago"},"absolute_dates":{"created":"Posted on 5. Mai 2016","modified":"Updated on 21. M\u00e4rz 2024"},"absolute_dates_time":{"created":"Posted on 5. Mai 2016 16:33","modified":"Updated on 21. M\u00e4rz 2024 21:26"},"featured_img_caption":"","featured_img":false,"series_order":"","_links":{"self":[{"href":"https:\/\/backup.chrischona-altheim.de\/index.php?rest_route=\/wp\/v2\/pages\/18","targetHints":{"allow":["GET"]}}],"collection":[{"href":"https:\/\/backup.chrischona-altheim.de\/index.php?rest_route=\/wp\/v2\/pages"}],"about":[{"href":"https:\/\/backup.chrischona-altheim.de\/index.php?rest_route=\/wp\/v2\/types\/page"}],"author":[{"embeddable":true,"href":"https:\/\/backup.chrischona-altheim.de\/index.php?rest_route=\/wp\/v2\/users\/1"}],"replies":[{"embeddable":true,"href":"https:\/\/backup.chrischona-altheim.de\/index.php?rest_route=%2Fwp%2Fv2%2Fcomments&post=18"}],"version-history":[{"count":54,"href":"https:\/\/backup.chrischona-altheim.de\/index.php?rest_route=\/wp\/v2\/pages\/18\/revisions"}],"predecessor-version":[{"id":6839,"href":"https:\/\/backup.chrischona-altheim.de\/index.php?rest_route=\/wp\/v2\/pages\/18\/revisions\/6839"}],"wp:attachment":[{"href":"https:\/\/backup.chrischona-altheim.de\/index.php?rest_route=%2Fwp%2Fv2%2Fmedia&parent=18"}],"curies":[{"name":"wp","href":"https:\/\/api.w.org\/{rel}","templated":true}]}}