{"id":2665,"date":"2018-06-07T11:39:32","date_gmt":"2018-06-07T09:39:32","guid":{"rendered":"https:\/\/chrischona-altheim.de\/?page_id=2665"},"modified":"2022-10-20T14:48:24","modified_gmt":"2022-10-20T12:48:24","slug":"datenschutzerklaerung","status":"publish","type":"page","link":"https:\/\/backup.chrischona-altheim.de\/?page_id=2665","title":{"rendered":"Datenschutzerkl\u00e4rung"},"content":{"rendered":"<p>Wir freuen uns \u00fcber Ihr Interesse an unserer Website. Der Schutz Ihrer Privatsph\u00e4re ist f\u00fcr uns sehr wichtig. Nachstehend informieren wir Sie ausf\u00fchrlich \u00fcber den Umgang mit Ihren Daten. Mit dieser Erkl\u00e4rung informieren wir Sie \u00fcber datenschutzrelevante Aspekte sowie \u00fcber die eingesetzten Ma\u00dfnahmen, um Ihre Rechte zu wahren. Das Chrischona-Gemeinschaftswerk e.V. (im folgenden Chrischona genannt) h\u00e4lt sich an die Anforderungen des Bundesdatenschutzgesetzes (BDSG) und der EU-Datenschutzgrundverordnung (EU-DSGVO).<\/p>\n<h1>1. Datenschutz<\/h1>\n<p><strong>1.1. Grunds\u00e4tzliches<\/strong><\/p>\n<p>Ihre Daten dienen allein dazu, Ihnen ein gr\u00f6\u00dftm\u00f6gliches benutzerfreundliches, praktisches und sicheres Internetangebot anbieten zu k\u00f6nnen. Zu den personenbezogenen Daten geh\u00f6ren alle Informationen \u00fcber pers\u00f6nliche oder sachliche Verh\u00e4ltnisse einer bestimmten oder bestimmbaren nat\u00fcrlichen Person, z.B. Name, Adresse, Kontaktdaten, IP-Adressen, \u00fcbertragene Datenmengen usw.<\/p>\n<p><strong>1.2. Rechtsgrundlagen<\/strong><\/p>\n<ol>\n<li>Die Bereitstellung dieser Webseite mit Produkten und Leistungen: Vertragsanbahnung bzw. Vertragserf\u00fcllung<\/li>\n<li>Anfragen per Post, E-Mail oder Fax an uns: Vertragsanbahnung bzw. Vertragserf\u00fcllung<\/li>\n<li>Links zu anderen Angeboten oder Auswertung der Zugriffe: berechtigtes Interesse<\/li>\n<\/ol>\n<p><strong>1.3. Automatische Verarbeitung durch Webseiten-Betrieb<\/strong><\/p>\n<p>Diese Webseite wird von der netcup GmbH gehostet. Netcup GmbH sammelt personenbezogene Daten, wenn Sie diese Webseite besuchen. Hierbei werden in der Regel folgende Daten erhoben: IP-Adressen, Zeitstempel der Zugriffe, Namen der Webseiten, \u00fcbertragene Datenmengen, Abmeldungen bzw. Abbr\u00fcche, Browsertypen, Infos vom Betriebssystem, Referrer URLs. Diese Daten werden von uns nicht gespeichert oder ausgewertet. Im Falle eines berechtigten Verdachts auf Missbrauch anhand von konkreten Informationen, k\u00f6nnen diese Logfiles nachtr\u00e4glich gepr\u00fcft werden.<\/p>\n<p>Personenbezogene Daten k\u00f6nnen in den Vereinigten Staaten, in Irland, S\u00fcdkorea, Taiwan, Israel und soweit f\u00fcr die ordnungsgem\u00e4\u00dfe Bereitstellung unserer Dienste und\/oder gesetzlich vorgeschrieben in anderen Rechtsordnungen gepflegt, verarbeitet und gespeichert werden.<\/p>\n<p><strong>1.4. Dateneingaben durch den Webseiten-Nutzer<\/strong><\/p>\n<p>Sie k\u00f6nnen dar\u00fcber hinaus unsere Webseiten ohne die Eingabe pers\u00f6nlicher Daten uneingeschr\u00e4nkt nutzen. Sofern wir personenbezogene Daten erheben (Kontaktformular, Newsletter-Anmeldungen, etc.) werden wir jeweils \u00fcber den Zweck, Umfang, Rechtm\u00e4\u00dfigkeit und m\u00f6gliche Weitergaben informieren und dies nur f\u00fcr diese Zwecke nutzen. Die Eingabe dieser Daten durch Sie erfolgt freiwillig.<\/p>\n<p><strong>\u00a0<\/strong><\/p>\n<h1>2. Verwendung der Daten<\/h1>\n<p><strong>2.1. Verwendung \/ Zweck <\/strong><\/p>\n<p>Chrischona verwendet die erhobenen und verarbeiteten personenbezogenen Daten ausschlie\u00dflich zu Zwecken der Erbringung unserer Leistungen aus der mit Ihnen geschlossenen Nutzungsvereinbarung sowie zu Abwicklungen von Zahlungen. Dabei beachtet Chrischona selbstverst\u00e4ndlich alle anwendbaren Datenschutzgesetze, insbesondere das Bundesdaten-schutzgesetz\/EU-DSGVO sowie das Telemediengesetz (TMG) und den Medienstaatsvertrag (MStV).<\/p>\n<p><strong>2.2. Weiterleitung von Daten<\/strong><\/p>\n<p>Chrischona gibt Ihre personenbezogenen Daten nicht an Dritte f\u00fcr Marketing- oder \u00e4hnliche Zwecke weiter. Eine Weitergabe von Daten erfolgt nur, wenn und soweit dies zur Durchf\u00fchrung der Nutzungsvereinbarung notwendig ist, Chrischona gesetzlich dazu verpflichtet wird oder es zur Durchsetzung der allgemeinen Nutzungsbedingungen oder anderer mit Ihnen geschlossenen Vereinbarungen sowie unserer Rechte und Forderungen erforderlich sein sollte.<\/p>\n<h1>3. Cookies<\/h1>\n<p>Unsere Webseite verwendet Cookies, um Ihnen einen effektiven Umgang und ein benutzerfreundliches Handling zu bieten. Dies macht den Einsatz von Cookies erforderlich und begr\u00fcndet unser berechtigtes Interesse, diese Technik zu nutzen. Die meisten Browser bieten Ihnen die Funktionalit\u00e4t, sich die verwendeten Cookies anzeigen zu lassen.<\/p>\n<p>Falls Sie die Verwendung von Cookies jedoch generell unterbinden m\u00f6chten, besteht dazu bei Ihrem Browser die M\u00f6glichkeit, die Annahme und Speicherung neuer Cookies zu verhindern. Um herauszufinden, wie dies bei Ihrem Browser funktioniert, benutzt Sie bitte die Hilfe-Funktion des jeweiligen Browsers. Chrischona empfiehlt Ihnen jedoch, die Cookies-Funktionen eingeschaltet zu lassen, da Ihnen nur dann das hohe Niveau des Benutzungskomforts, welches Chrischona f\u00fcr Sie eingerichtet hat, in vollem Umfang zugutekommt. Wir erstellen keine Nutzerprofile aus diesen durch Cookies erfassten Nutzerdaten.<\/p>\n<h1>4. Erg\u00e4nzungen<\/h1>\n<p><strong>Interaktive Karte<\/strong><\/p>\n<p>Diese Webseite verwendet eine <a href=\"https:\/\/dr-dsgvo.de\">interaktive Karte von Dr. DSGVO<\/a>. Die Karte wird lokal betrieben. Diese L\u00f6sung ist datenschutzfreundlich. Beim Abruf und Betrieb der Karte werden keine personenbezogenen Daten an Dritte weitergegeben. Weiterhin werden von uns f\u00fcr den Abruf und Betrieb der Karte keine personenbezogenen Daten au\u00dfer den technisch notwendigen erhoben. Die Karte verwendet keine Cookies.<\/p>\n<h1>5. Sicherheit<\/h1>\n<p>Chrischona setzt technische und organisatorische Sicherheitsma\u00dfnahmen ein, um zu gew\u00e4hrleisten, dass Ihre personenbezogenen Daten vor Verlust, unrichtigen Ver\u00e4nderungen oder unberechtigten Zugriffen Dritter gesch\u00fctzt sind. In jedem Fall haben nur berechtigte Personen Zutritt zu den pers\u00f6nlichen Daten, und dies auch nur insoweit, als es im Rahmen der oben genannten Zwecke erforderlich ist. Die Sicherheitsma\u00dfnahmen werden st\u00e4ndig den verbesserten technischen M\u00f6glichkeiten angepasst.<\/p>\n<p>Der Hosting-Dienst f\u00fcr unserer digitalen Assets stellt uns die Online-Plattform zu Verf\u00fcgung, \u00fcber die wir Ihnen unsere Dienste anbieten k\u00f6nnen. Ihre Daten k\u00f6nnen \u00fcber die Datenspeicherung, Datenbanken und allgemeine Anwendungen unseres Hosting-Anbieters gespeichert werden. Er speichert Ihre Daten auf sicheren Servern hinter einer Firewall und er bietet sicheren HTTPS-Zugriff auf die meisten Bereiche seiner Dienste.<\/p>\n<h1>6. Weitere Informationspflichten<\/h1>\n<p><strong>6.1. Verantwortliche Stelle<\/strong><\/p>\n<p>Chrischona-Gemeinschaftswerk e.V., Gottlieb-Daimler-Stra\u00dfe 22, 35398 Gie\u00dfen<br \/>\nTelefon: +49 (0) 641 \u2013 605 92 &#8211; 08, E-Mail: geschaeftsstelle@chrischona.de<\/p>\n<p><strong>6.2. Datenschutzbeauftragter<\/strong><\/p>\n<p>P2 Consult J\u00fcrgen Golda, E-Mail: <a href=\"mailto:datenschutz@chrischona.de\">datenschutz@chrischona.de<\/a><\/p>\n<p><strong>6.3. Speicherdauer<\/strong><\/p>\n<p>Wir speichern Ihre Daten solange der Zweck der Speicherung erhalten bleibt (Anfragen, Projekte, Vertr\u00e4ge, etc.). Sollte der Zweck entfallen oder Sie die Einwilligung zur\u00fcckziehen, werden Ihre Daten durch den regelm\u00e4\u00dfigen L\u00f6schlauf gel\u00f6scht, sofern keine gesetzlichen Aufbewahrungsfristen eingehalten werden m\u00fcssen.<\/p>\n<p><strong>6.4. Kinder<\/strong><\/p>\n<p>Chrischona wird Daten von Kindern wissentlich nicht sammeln und verarbeiten. Sofern Sch\u00fcler Anfragen stellen, werden wir die Daten nur dann speichern, wenn die ausdr\u00fcckliche Zustimmung der Erziehungsberechtigten haben. Sofern Daten von Kindern dann gespeichert werden d\u00fcrfen, werden wir diese nur im Rahmen der gesetzlichen Vorgaben weitergeben. Unter den Begriff \u201eKinder\u201c fallen die Definitionen aus dem nationalen Recht und den bei uns geltenden gesetzlichen Bestimmungen.<\/p>\n<p><strong>6.5. Profiling Ihrer Daten findet nicht statt<\/strong><\/p>\n<p>Eine automatische Entscheidungsfindung und\/oder ein Profiling mit Ihren Daten findet bei uns nicht statt.<\/p>\n<p><strong>6.6. Ihre Rechte<\/strong><\/p>\n<p>Sie k\u00f6nnen uns jederzeit ansprechen, wenn Sie eine Auskunft, eine L\u00f6schung, eine Einschr\u00e4nkung oder ein Widerspruch geltend machen wollen. Nutzen Sie dazu die vorhandenen Kontaktdaten. Anfragen m\u00fcssen schriftlich gestellt werden, damit wir den Anfrager eindeutig identifizieren k\u00f6nnen.<\/p>\n<p><strong>6.7. Beschwerderecht<\/strong><\/p>\n<p>Sofern Sie berechtigte Zweifel an unserem Umgang mit ihren Daten haben, informieren Sie uns oder wenden sie sich an die entsprechende Aufsichtsbeh\u00f6rde (EKD Deutschland).<\/p>\n<p><strong>6.8. \u00c4nderungen<\/strong><\/p>\n<p>Wir behalten uns das Recht vor, diese Datenschutzerkl\u00e4rung von Zeit zu Zeit anzupassen. Deshalb empfehlen wir Ihnen eine regelm\u00e4\u00dfige Durchsicht dieser Erkl\u00e4rung.<\/p>\n<p><strong>6.9. Keine Abmahnung ohne vorherigen Kontakt<\/strong><\/p>\n<p>Sollte der Inhalt oder die Aufmachung dieser Seiten fremde Rechte Dritter oder gesetzliche Bestimmungen verletzen, so ist dies nicht beabsichtigt und wir bitten um eine entsprechende Nachricht ohne Kostennote. Wir garantieren, dass wir die geltend gemachten Rechte unverz\u00fcglich pr\u00fcfen und zu Recht beanstandete Passagen unverz\u00fcglich entfernen werden, ohne dass von Ihrer Seite die Einschaltung eines Rechtsbeistandes erforderlich ist. Dennoch von Ihnen ohne vorherige Kontaktaufnahme ausgel\u00f6ste Kosten werden wir, wegen Verletzung der Schadensminderungspflicht, vollumf\u00e4nglich zur\u00fcckweisen.<\/p>\n<hr \/>\n<p>Datenschutzerkl\u00e4rung | g\u00fcltig ab 20.10.2022<\/p>\n","protected":false},"excerpt":{"rendered":"<p>Wir freuen uns \u00fcber Ihr Interesse an unserer Website. Der Schutz Ihrer Privatsph\u00e4re ist f\u00fcr uns sehr wichtig. Nachstehend informieren wir Sie ausf\u00fchrlich \u00fcber den Umgang mit Ihren Daten. Mit dieser Erkl\u00e4rung informieren wir Sie \u00fcber datenschutzrelevante Aspekte sowie \u00fcber &#8230;<\/p>\n","protected":false},"author":1,"featured_media":0,"parent":0,"menu_order":0,"comment_status":"closed","ping_status":"closed","template":"","meta":{"_acf_changed":false,"advgb_blocks_editor_width":"","advgb_blocks_columns_visual_guide":"","footnotes":""},"class_list":["post-2665","page","type-page","status-publish","hentry"],"acf":[],"coauthors":[],"author_meta":{"author_link":"https:\/\/backup.chrischona-altheim.de\/?author=1","display_name":"Steph"},"relative_dates":{"created":"Posted 8\u00a0Jahren ago","modified":"Updated 3\u00a0Jahren ago"},"absolute_dates":{"created":"Posted on 7. Juni 2018","modified":"Updated on 20. Oktober 2022"},"absolute_dates_time":{"created":"Posted on 7. Juni 2018 11:39","modified":"Updated on 20. Oktober 2022 14:48"},"featured_img_caption":"","featured_img":false,"series_order":"","_links":{"self":[{"href":"https:\/\/backup.chrischona-altheim.de\/index.php?rest_route=\/wp\/v2\/pages\/2665","targetHints":{"allow":["GET"]}}],"collection":[{"href":"https:\/\/backup.chrischona-altheim.de\/index.php?rest_route=\/wp\/v2\/pages"}],"about":[{"href":"https:\/\/backup.chrischona-altheim.de\/index.php?rest_route=\/wp\/v2\/types\/page"}],"author":[{"embeddable":true,"href":"https:\/\/backup.chrischona-altheim.de\/index.php?rest_route=\/wp\/v2\/users\/1"}],"replies":[{"embeddable":true,"href":"https:\/\/backup.chrischona-altheim.de\/index.php?rest_route=%2Fwp%2Fv2%2Fcomments&post=2665"}],"version-history":[{"count":8,"href":"https:\/\/backup.chrischona-altheim.de\/index.php?rest_route=\/wp\/v2\/pages\/2665\/revisions"}],"predecessor-version":[{"id":6024,"href":"https:\/\/backup.chrischona-altheim.de\/index.php?rest_route=\/wp\/v2\/pages\/2665\/revisions\/6024"}],"wp:attachment":[{"href":"https:\/\/backup.chrischona-altheim.de\/index.php?rest_route=%2Fwp%2Fv2%2Fmedia&parent=2665"}],"curies":[{"name":"wp","href":"https:\/\/api.w.org\/{rel}","templated":true}]}}