{"id":30,"date":"2016-05-05T17:22:08","date_gmt":"2016-05-05T15:22:08","guid":{"rendered":"http:\/\/chrischonawp.st-schuler.de\/?page_id=30"},"modified":"2024-07-29T13:35:02","modified_gmt":"2024-07-29T11:35:02","slug":"wer-wir-sind","status":"publish","type":"page","link":"https:\/\/backup.chrischona-altheim.de\/?page_id=30","title":{"rendered":"Wir \u00fcber uns"},"content":{"rendered":"\n<figure class=\"wp-block-image size-full is-resized\"><img loading=\"lazy\" decoding=\"async\" width=\"529\" height=\"441\" src=\"https:\/\/backup.chrischona-altheim.de\/wp-content\/uploads\/Gemeindehaus.png\" alt=\"\" class=\"wp-image-6836\" style=\"width:394px;height:auto\" srcset=\"https:\/\/backup.chrischona-altheim.de\/wp-content\/uploads\/Gemeindehaus.png 529w, https:\/\/backup.chrischona-altheim.de\/wp-content\/uploads\/Gemeindehaus-300x250.png 300w\" sizes=\"auto, (max-width: 529px) 100vw, 529px\" \/><\/figure>\n\n\n\n<div style=\"height:20px\" aria-hidden=\"true\" class=\"wp-block-spacer\"><\/div>\n\n\n\n<div class=\"wp-block-columns has-2-columns is-layout-flex wp-container-core-columns-is-layout-28f84493 wp-block-columns-is-layout-flex\">\n<div class=\"wp-block-column is-layout-flow wp-block-column-is-layout-flow\">\n<p><strong><span style=\"color: #b12300;\">Wir stellen uns vor<\/span><\/strong><\/p>\n<p>Herzlich Willkommen in der Evangelischen Chrischona-Gemeinde Altheim Alb. Wir sind eine eigenst\u00e4ndige evangelische Gemeinde (Kirche).<\/p>\n<p>Das hei\u00dft, wir sind eine Gemeinschaft von Christen, die an Jesus Christus und sein Evangelium, also seine \u201efrohe Botschaft\u201c glaubt, wie sie uns in der Bibel beschrieben wird.<\/p>\n<p>Hier versammeln sich Familien, Singles, Studenten, Handwerker, Krankenschwestern, Senioren, Unternehmer, Landwirte und viele mehr, die \u2013 so unterschiedlich sie auch alle sein m\u00f6gen \u2013 eines verbindet: n\u00e4mlich dass sie von dieser frohen Botschaft begeistert sind. Wir wollen uns gegenseitig im Glauben daran st\u00e4rken, anderen Menschen Jesus nahebringen und unserem Umfeld in Liebe dienen. Wir wissen uns mit allen Christen verbunden, f\u00fcr die die Bibel der Ma\u00dfstab ihres Glaubens und Lebens ist. &nbsp;<\/p>\n\n\n\n\n\n<hr class=\"wp-block-separator has-css-opacity\"\/>\n<\/div>\n\n\n\n<div class=\"wp-block-column is-layout-flow wp-block-column-is-layout-flow\">\n<p><strong><span style=\"color: #b12300;\">Was ist eigentlich Chrischona?<\/span><\/strong><\/p>\n<p>Chrischona ist in erster Linie ein kleiner Ort bei Basel, in der Schweiz, und hei\u00dft eigentlich St. Chrischona.<\/p>\n<p>Hier liegen die Wurzeln unserer Gemeinde. Denn dort begann 1840 die theologische Ausbildung von Handwerkern, die anschlie\u00dfend zum Predigen und Gemeindegr\u00fcnden ausgesandt wurden. So entstanden im Laufe der Zeit in der Schweiz \u00fcber 90, in Deutschland \u00fcber 60 Chrischona-Gemeinden. In Deutschland sind die Gemeinden im  <a href=\"https:\/\/chrischona.de\/\">\u201eChrischona- Gemeinschaftswerk\u201c<\/a>  zusammengefasst. Das Chrischona-Gemeinschaftswerk ist ein freies Werk innerhalb der Evangelischen Kirche und ist dar\u00fcber hinaus Mitglied im <a href=\"http:\/\/www.gnadauer.de\/\">Evangelischen Gnadauer-Gemeinschaftsverband<\/a>, dem Dachverband der Gemeinschaftsbewegung in Deutschland.<\/p>\n<p>Die Altheimer Gemeinde geh\u00f6rt seit 1931 zum Chrischona-Gemeinschaftswerk. Sie ist inzwischen eine selbstst\u00e4ndige Gemeinde innerhalb des Werks und arbeitet finanziell und organisatorisch unabh\u00e4ngig von Staat und Kirche.<\/p>\n<\/div>\n<\/div>\n\n\n\n<p><span style=\"color: #cf2e2e;\" class=\"ugb-highlight\"><strong>Was wir glauben<\/strong><\/span><\/p>\n\n\n\n<p>Verbindlich f\u00fcr Glauben, Lehre und Leben ist die Heilige Schrift Alten und<br> Neuen Testaments als das vom Heiligen Geist inspirierte Wort Gottes (2. Tim<br> 3,16f; 2. Petr 1,21). <\/p>\n\n\n\n<p>Wir bekennen den Glauben an den dreieinigen Gott gem\u00e4\u00df dem<br> <a href=\"https:\/\/www.ekd.de\/apostolisches-glaubensbekenntnis-10790.htm\">Apostolischen Glaubensbekenntnis.<\/a><br> Besonders dankbar sind wir f\u00fcr das Erbe der<br> Reformation, des fr\u00fchen Pietismus, der Erweckungs- und der Gemeinschafts &#8211;<br> bewegung.  Die reformatorischen Bekenntnisse sind uns wichtig und<br> wegweisend. <\/p>\n\n\n\n<p>Als Grundlage f\u00fcr die Zusammenarbeit mit anderen Kirchen gilt f\u00fcr uns die <a href=\"https:\/\/www.ead.de\/ueber-uns\/\">Glaubensbasis der Evangelischen Allianz Deutschland <\/a><\/p>\n\n\n\n<p><\/p>\n\n\n\n<p><\/p>\n","protected":false},"excerpt":{"rendered":"<p>Wir stellen uns vor Herzlich Willkommen in der Evangelischen Chrischona-Gemeinde Altheim Alb. Wir sind eine eigenst\u00e4ndige evangelische Gemeinde (Kirche). Das hei\u00dft, wir sind eine Gemeinschaft von Christen, die an Jesus Christus und sein Evangelium, also seine \u201efrohe Botschaft\u201c glaubt, wie &#8230;<\/p>\n","protected":false},"author":1,"featured_media":0,"parent":0,"menu_order":1,"comment_status":"closed","ping_status":"closed","template":"","meta":{"_acf_changed":false,"advgb_blocks_editor_width":"","advgb_blocks_columns_visual_guide":"","footnotes":""},"class_list":["post-30","page","type-page","status-publish","hentry"],"acf":[],"coauthors":[],"author_meta":{"author_link":"https:\/\/backup.chrischona-altheim.de\/?author=1","display_name":"Steph"},"relative_dates":{"created":"Posted 10\u00a0Jahren ago","modified":"Updated 2\u00a0Jahren ago"},"absolute_dates":{"created":"Posted on 5. Mai 2016","modified":"Updated on 29. Juli 2024"},"absolute_dates_time":{"created":"Posted on 5. Mai 2016 17:22","modified":"Updated on 29. Juli 2024 13:35"},"featured_img_caption":"","featured_img":false,"series_order":"","_links":{"self":[{"href":"https:\/\/backup.chrischona-altheim.de\/index.php?rest_route=\/wp\/v2\/pages\/30","targetHints":{"allow":["GET"]}}],"collection":[{"href":"https:\/\/backup.chrischona-altheim.de\/index.php?rest_route=\/wp\/v2\/pages"}],"about":[{"href":"https:\/\/backup.chrischona-altheim.de\/index.php?rest_route=\/wp\/v2\/types\/page"}],"author":[{"embeddable":true,"href":"https:\/\/backup.chrischona-altheim.de\/index.php?rest_route=\/wp\/v2\/users\/1"}],"replies":[{"embeddable":true,"href":"https:\/\/backup.chrischona-altheim.de\/index.php?rest_route=%2Fwp%2Fv2%2Fcomments&post=30"}],"version-history":[{"count":82,"href":"https:\/\/backup.chrischona-altheim.de\/index.php?rest_route=\/wp\/v2\/pages\/30\/revisions"}],"predecessor-version":[{"id":7109,"href":"https:\/\/backup.chrischona-altheim.de\/index.php?rest_route=\/wp\/v2\/pages\/30\/revisions\/7109"}],"wp:attachment":[{"href":"https:\/\/backup.chrischona-altheim.de\/index.php?rest_route=%2Fwp%2Fv2%2Fmedia&parent=30"}],"curies":[{"name":"wp","href":"https:\/\/api.w.org\/{rel}","templated":true}]}}