{"id":36,"date":"2016-05-05T17:26:37","date_gmt":"2016-05-05T15:26:37","guid":{"rendered":"http:\/\/chrischonawp.st-schuler.de\/?page_id=36"},"modified":"2024-04-23T17:37:08","modified_gmt":"2024-04-23T15:37:08","slug":"missionare","status":"publish","type":"page","link":"https:\/\/backup.chrischona-altheim.de\/?page_id=36","title":{"rendered":"Missionare"},"content":{"rendered":"\n<p>Als Gemeinde \u00fcbernehmen wir nicht nur Verantwortung in Altheim und Umgebung,&nbsp;sondern unterst\u00fctzen auch Menschen, die sich an anderen Stellen mit der Liebe Jesu Christi in andere Menschen investieren.<\/p>\n\n\n\n<div style=\"height:20px\" aria-hidden=\"true\" class=\"wp-block-spacer\"><\/div>\n\n\n\n<h4 class=\"wp-block-heading\">B\u00e4rbel und Uli Ostertag in Paraguay<\/h4>\n\n\n\n<div class=\"wp-block-media-text alignwide is-stacked-on-mobile\" style=\"grid-template-columns:30% auto\"><figure class=\"wp-block-media-text__media\"><img loading=\"lazy\" decoding=\"async\" width=\"1024\" height=\"682\" src=\"https:\/\/backup.chrischona-altheim.de\/wp-content\/uploads\/IMG-20190306-WA0000-1024x682.jpg\" alt=\"\" class=\"wp-image-3621 size-full\" srcset=\"https:\/\/backup.chrischona-altheim.de\/wp-content\/uploads\/IMG-20190306-WA0000-1024x682.jpg 1024w, https:\/\/backup.chrischona-altheim.de\/wp-content\/uploads\/IMG-20190306-WA0000-600x400.jpg 600w, https:\/\/backup.chrischona-altheim.de\/wp-content\/uploads\/IMG-20190306-WA0000-300x200.jpg 300w, https:\/\/backup.chrischona-altheim.de\/wp-content\/uploads\/IMG-20190306-WA0000-768x512.jpg 768w, https:\/\/backup.chrischona-altheim.de\/wp-content\/uploads\/IMG-20190306-WA0000-1200x800.jpg 1200w, https:\/\/backup.chrischona-altheim.de\/wp-content\/uploads\/IMG-20190306-WA0000.jpg 1280w\" sizes=\"auto, (max-width: 1024px) 100vw, 1024px\" \/><\/figure><div class=\"wp-block-media-text__content\">\n<p>B\u00e4rbel und Uli Ostertag leben seit&nbsp;vielen Jahren&nbsp;in Paraguay, um die dortigen indianischen Gemeinden zu unterst\u00fctzen. Seit 2013 sind sie f\u00fcr ein Schulungs- und Freizeitzentrum in Santani zust\u00e4ndig.<\/p>\n<\/div><\/div>\n\n\n\n<div style=\"height:48px\" aria-hidden=\"true\" class=\"wp-block-spacer\"><\/div>\n\n\n\n<h4 class=\"wp-block-heading\">Familie Messner in Korntal<\/h4>\n\n\n\n<div class=\"wp-block-media-text alignwide is-stacked-on-mobile\" style=\"grid-template-columns:30% auto\"><figure class=\"wp-block-media-text__media\"><img loading=\"lazy\" decoding=\"async\" width=\"1024\" height=\"576\" src=\"https:\/\/backup.chrischona-altheim.de\/wp-content\/uploads\/messnerfamily_Portrait-1024x576.jpg\" alt=\"\" class=\"wp-image-6875 size-full\" srcset=\"https:\/\/backup.chrischona-altheim.de\/wp-content\/uploads\/messnerfamily_Portrait-1024x576.jpg 1024w, https:\/\/backup.chrischona-altheim.de\/wp-content\/uploads\/messnerfamily_Portrait-300x169.jpg 300w, https:\/\/backup.chrischona-altheim.de\/wp-content\/uploads\/messnerfamily_Portrait-768x432.jpg 768w, https:\/\/backup.chrischona-altheim.de\/wp-content\/uploads\/messnerfamily_Portrait-1536x864.jpg 1536w, https:\/\/backup.chrischona-altheim.de\/wp-content\/uploads\/messnerfamily_Portrait-2048x1152.jpg 2048w\" sizes=\"auto, (max-width: 1024px) 100vw, 1024px\" \/><\/figure><div class=\"wp-block-media-text__content\">\n<p>Seit 2011 leiten Andy und Margit Messner das Orientierungsjahr in Korntal (bei Stuttgart). Das Orientierungsjahr Korntal ist eine 10 monatige Bibel- bzw. J\u00fcngerschaftsschule, die Missionseins\u00e4tze und Berufspraktika f\u00fcr junge Menschen anbietet. Teilnehmer aus ganz Deutschland nehmen j\u00e4hrlich an diesem Programm teil. Einen gro\u00dfen Zulauf erh\u00e4lt das Orientierungsjahr zudem durch sogenannte Missionarskinder. Nach deren Schulabschluss im Ausland wird den Jugendlichen durch das Orientierungsjahr der Wiedereinstieg in Deutschland erm\u00f6glicht bzw. erleichtert, w\u00e4hrend ihre Eltern weiterhin auf dem Missionsfeld arbeiten k\u00f6nnen.<\/p>\n\n\n\n<p>Als Orientierungsjahr haben sie sich folgendes <strong>Statement<\/strong> gegeben: <br>\u201e<em>Das Orientierungsjahr richtet sich an junge Erwachsene und steht f\u00fcr <strong>berufliche Orientierung<\/strong>, <strong>geistliches Wachstum<\/strong>, <strong>pers\u00f6nliche Entwicklung<\/strong> und&nbsp;<strong>gesellschaftliches Engagement<\/strong>. Dies geschieht durch gemeinsames Leben im interkulturellen Umfeld, pers\u00f6nliche Begleitung, Unterrichtseinheiten, Berufspraktika und sozial missionarische Eins\u00e4tze. Das Orientierungsjahr ist ein Arbeitsbereich der Evangelischen Br\u00fcdergemeinde Korntal und basiert auf der biblisch christlichen Weltanschauung.\u201c<\/em><\/p>\n\n\n\n<p>Es ist ihr Wunsch, dass Jugendliche und junge Erwachsene aus aller Welt diese ganzheitliche Orientierung in ihren 10 Monaten im Orientierungsjahr Korntal erfahren. Hierf\u00fcr k\u00f6nnen jedes Jahr 22 Teilnehmer aufgenommen werden. N\u00e4here Infos hierzu unter <a rel=\"noreferrer noopener\" href=\"http:\/\/www.orientierungsjahr.de\/\" target=\"_blank\">www.orientierungsjahr.de<\/a>.&nbsp;Zwei Mal im Jahr versendet Familie Messner ihren <strong>Freundesbrief \u201eAugenblick mal\u201c<\/strong>, der \u00fcber ihre Arbeit berichtet. Ebenso zwei Mal im Jahr versenden sie ihren <strong>Rundbrief \u201eMESSNERfamily\u201c,<\/strong> in dem sie \u00fcber sich als Familie informieren. Wer diese Briefe haben m\u00f6chte, melde sich bei ihnen unter <a rel=\"noreferrer noopener\" href=\"http:\/\/www.messnerfamily.de\/\" target=\"_blank\">www.messnerfamily.de. <\/a>Den aktuellen Freundesbrief gibt es <a rel=\"noreferrer noopener\" href=\"https:\/\/backup.chrischona-altheim.de\/wp-content\/uploads\/MESSNERfamily_Rundbrief_2018_2.pdf\" target=\"_blank\">hier<\/a>.<\/p>\n<\/div><\/div>\n\n\n\n<div style=\"height:20px\" aria-hidden=\"true\" class=\"wp-block-spacer\"><\/div>\n\n\n\n<h4 class=\"wp-block-heading\">Familie Friede im Schwarzwald<\/h4>\n\n\n\n<div class=\"wp-block-media-text alignwide is-stacked-on-mobile\" style=\"grid-template-columns:30% auto\"><figure class=\"wp-block-media-text__media\"><img loading=\"lazy\" decoding=\"async\" width=\"1024\" height=\"619\" src=\"https:\/\/backup.chrischona-altheim.de\/wp-content\/uploads\/DSC_0035_2-1024x619.jpg\" alt=\"\" class=\"wp-image-3625 size-full\" srcset=\"https:\/\/backup.chrischona-altheim.de\/wp-content\/uploads\/DSC_0035_2-1024x619.jpg 1024w, https:\/\/backup.chrischona-altheim.de\/wp-content\/uploads\/DSC_0035_2-600x363.jpg 600w, https:\/\/backup.chrischona-altheim.de\/wp-content\/uploads\/DSC_0035_2-300x181.jpg 300w, https:\/\/backup.chrischona-altheim.de\/wp-content\/uploads\/DSC_0035_2-768x464.jpg 768w\" sizes=\"auto, (max-width: 1024px) 100vw, 1024px\" \/><\/figure><div class=\"wp-block-media-text__content\">\n<p>Familie Friede lebt in Lenzkirch (Schwarzwald) und betreibt dort das christliche Freizeithaus Sonnenh\u00f6he. N\u00e4here Informationen zu dem Haus finden sich auf deren Website unter <a href=\"http:\/\/www.freizeithaus-sonnenhoehe.de\/\">www.freizeithaus-sonnenhoehe.de<\/a>.<\/p>\n<\/div><\/div>\n","protected":false},"excerpt":{"rendered":"<p>Als Gemeinde \u00fcbernehmen wir nicht nur Verantwortung in Altheim und Umgebung,&nbsp;sondern unterst\u00fctzen auch Menschen, die sich an anderen Stellen mit der Liebe Jesu Christi in andere Menschen investieren. B\u00e4rbel und Uli Ostertag in Paraguay B\u00e4rbel und Uli Ostertag leben seit&nbsp;vielen &#8230;<\/p>\n","protected":false},"author":1,"featured_media":0,"parent":0,"menu_order":0,"comment_status":"closed","ping_status":"closed","template":"","meta":{"_acf_changed":false,"advgb_blocks_editor_width":"","advgb_blocks_columns_visual_guide":"","footnotes":""},"class_list":["post-36","page","type-page","status-publish","hentry"],"acf":[],"coauthors":[],"author_meta":{"author_link":"https:\/\/backup.chrischona-altheim.de\/?author=1","display_name":"Steph"},"relative_dates":{"created":"Posted 10\u00a0Jahren ago","modified":"Updated 2\u00a0Jahren ago"},"absolute_dates":{"created":"Posted on 5. Mai 2016","modified":"Updated on 23. April 2024"},"absolute_dates_time":{"created":"Posted on 5. Mai 2016 17:26","modified":"Updated on 23. April 2024 17:37"},"featured_img_caption":"","featured_img":false,"series_order":"","_links":{"self":[{"href":"https:\/\/backup.chrischona-altheim.de\/index.php?rest_route=\/wp\/v2\/pages\/36","targetHints":{"allow":["GET"]}}],"collection":[{"href":"https:\/\/backup.chrischona-altheim.de\/index.php?rest_route=\/wp\/v2\/pages"}],"about":[{"href":"https:\/\/backup.chrischona-altheim.de\/index.php?rest_route=\/wp\/v2\/types\/page"}],"author":[{"embeddable":true,"href":"https:\/\/backup.chrischona-altheim.de\/index.php?rest_route=\/wp\/v2\/users\/1"}],"replies":[{"embeddable":true,"href":"https:\/\/backup.chrischona-altheim.de\/index.php?rest_route=%2Fwp%2Fv2%2Fcomments&post=36"}],"version-history":[{"count":91,"href":"https:\/\/backup.chrischona-altheim.de\/index.php?rest_route=\/wp\/v2\/pages\/36\/revisions"}],"predecessor-version":[{"id":6876,"href":"https:\/\/backup.chrischona-altheim.de\/index.php?rest_route=\/wp\/v2\/pages\/36\/revisions\/6876"}],"wp:attachment":[{"href":"https:\/\/backup.chrischona-altheim.de\/index.php?rest_route=%2Fwp%2Fv2%2Fmedia&parent=36"}],"curies":[{"name":"wp","href":"https:\/\/api.w.org\/{rel}","templated":true}]}}