{"id":3975,"date":"2019-10-02T20:00:39","date_gmt":"2019-10-02T18:00:39","guid":{"rendered":"https:\/\/chrischona-altheim.de\/?page_id=3975"},"modified":"2025-09-18T14:36:01","modified_gmt":"2025-09-18T12:36:01","slug":"herzlich-willkommen","status":"publish","type":"page","link":"https:\/\/backup.chrischona-altheim.de\/","title":{"rendered":"Herzlich willkommen,"},"content":{"rendered":"\n<h2>Herzlich willkommen &#8230;<\/h2>\n\n\n\n<div class=\"wp-block-cover is-light wp-duotone-unset-1\" style=\"min-height:326px;aspect-ratio:unset;\"><span aria-hidden=\"true\" class=\"wp-block-cover__background has-white-background-color has-background-dim\"><\/span><div class=\"wp-block-cover__inner-container is-layout-flow wp-block-cover-is-layout-flow\">\n<div class=\"wp-block-group alignwide is-layout-constrained wp-block-group-is-layout-constrained\">\n<div class=\"wp-block-columns is-layout-flex wp-container-core-columns-is-layout-28f84493 wp-block-columns-is-layout-flex\">\n<div class=\"wp-block-column is-layout-flow wp-block-column-is-layout-flow\" style=\"flex-basis:100%\">\n<p>&#8230;bei der <strong>Evangelischen Chrischona-Gemeinde in Altheim\/Alb.<\/strong> <br>Wir freuen uns, dass Sie uns im Internet gefunden haben und laden Sie ein, sich hier auf diesen Seiten ein Bild \u00fcber unsere christliche Gemeinde zu machen.                           <\/p>\n\n\n\n<p>Wir freuen uns \u00fcber Feedback und R\u00fcckfragen &#8211; und vor allem \u00fcber Ihren Besuch bei uns. Sie sind jederzeit herzlich willkommen!<br><br><em>Ihr Pastor Matthias Rupp mit Team!<\/em><\/p>\n\n\n\n<p>P.S.: immer auf dem Laufenden bleiben? Hier klicken und dich f\u00fcr unseren Newsletter anmelden: <\/p>\n<\/div>\n<\/div>\n<\/div>\n<\/div><\/div>\n\n\n\n<iframe data-w-token=\"d306c1a129fbbeb567a0\" data-w-type=\"pop-in\" frameborder=\"0\" scrolling=\"yes\" marginheight=\"0\" marginwidth=\"0\" src=\"https:\/\/0ym9x.mjt.lu\/wgt\/0ym9x\/xwhz\/form?c=630f34ba\" width=\"100%\" style=\"height: 0;\"><\/iframe>\n<iframe data-w-token=\"d306c1a129fbbeb567a0\" data-w-type=\"trigger\" frameborder=\"0\" scrolling=\"no\" marginheight=\"0\" marginwidth=\"0\" src=\"https:\/\/0ym9x.mjt.lu\/wgt\/0ym9x\/xwhz\/trigger?c=72abeed2\" width=\"100%\" style=\"height: 0;\"><\/iframe>\n\n<script type=\"text\/javascript\" src=\"https:\/\/app.mailjet.com\/pas-nc-pop-in-v1.js\"><\/script>\n","protected":false},"excerpt":{"rendered":"<p>Herzlich willkommen &#8230;<\/p>\n","protected":false},"author":1,"featured_media":0,"parent":0,"menu_order":0,"comment_status":"closed","ping_status":"closed","template":"","meta":{"_acf_changed":false,"advgb_blocks_editor_width":"","advgb_blocks_columns_visual_guide":"","footnotes":""},"class_list":["post-3975","page","type-page","status-publish","hentry"],"acf":[],"coauthors":[],"author_meta":{"author_link":"https:\/\/backup.chrischona-altheim.de\/?author=1","display_name":"Steph"},"relative_dates":{"created":"Posted 7\u00a0Jahren ago","modified":"Updated 7\u00a0Monaten ago"},"absolute_dates":{"created":"Posted on 2. Oktober 2019","modified":"Updated on 18. September 2025"},"absolute_dates_time":{"created":"Posted on 2. Oktober 2019 20:00","modified":"Updated on 18. September 2025 14:36"},"featured_img_caption":"","featured_img":false,"series_order":"","_links":{"self":[{"href":"https:\/\/backup.chrischona-altheim.de\/index.php?rest_route=\/wp\/v2\/pages\/3975","targetHints":{"allow":["GET"]}}],"collection":[{"href":"https:\/\/backup.chrischona-altheim.de\/index.php?rest_route=\/wp\/v2\/pages"}],"about":[{"href":"https:\/\/backup.chrischona-altheim.de\/index.php?rest_route=\/wp\/v2\/types\/page"}],"author":[{"embeddable":true,"href":"https:\/\/backup.chrischona-altheim.de\/index.php?rest_route=\/wp\/v2\/users\/1"}],"replies":[{"embeddable":true,"href":"https:\/\/backup.chrischona-altheim.de\/index.php?rest_route=%2Fwp%2Fv2%2Fcomments&post=3975"}],"version-history":[{"count":32,"href":"https:\/\/backup.chrischona-altheim.de\/index.php?rest_route=\/wp\/v2\/pages\/3975\/revisions"}],"predecessor-version":[{"id":7422,"href":"https:\/\/backup.chrischona-altheim.de\/index.php?rest_route=\/wp\/v2\/pages\/3975\/revisions\/7422"}],"wp:attachment":[{"href":"https:\/\/backup.chrischona-altheim.de\/index.php?rest_route=%2Fwp%2Fv2%2Fmedia&parent=3975"}],"curies":[{"name":"wp","href":"https:\/\/api.w.org\/{rel}","templated":true}]}}