{"id":44,"date":"2016-05-05T17:30:50","date_gmt":"2016-05-05T15:30:50","guid":{"rendered":"http:\/\/chrischonawp.st-schuler.de\/?page_id=44"},"modified":"2025-02-06T09:12:25","modified_gmt":"2025-02-06T08:12:25","slug":"wegbeschreibung","status":"publish","type":"page","link":"https:\/\/backup.chrischona-altheim.de\/?page_id=44","title":{"rendered":"Kontakt"},"content":{"rendered":"\n<iframe data-w-type=\"embedded\" frameborder=\"0\" scrolling=\"no\" marginheight=\"0\" marginwidth=\"0\" src=\"https:\/\/0ym9x.mjt.lu\/wgt\/0ym9x\/xwht\/form?c=36271d2f\" width=\"100%\" style=\"height: 0;\"><\/iframe>\n\n<script type=\"text\/javascript\" src=\"https:\/\/app.mailjet.com\/pas-nc-embedded-v1.js\"><\/script>\n\n\n\n<div class=\"wp-block-media-text alignwide\"><figure class=\"wp-block-media-text__media\"><img loading=\"lazy\" decoding=\"async\" width=\"620\" height=\"370\" src=\"https:\/\/backup.chrischona-altheim.de\/wp-content\/uploads\/DSC_0003_klein-3.jpg\" alt=\"\" class=\"wp-image-561 size-full\" srcset=\"https:\/\/backup.chrischona-altheim.de\/wp-content\/uploads\/DSC_0003_klein-3.jpg 620w, https:\/\/backup.chrischona-altheim.de\/wp-content\/uploads\/DSC_0003_klein-3-600x358.jpg 600w, https:\/\/backup.chrischona-altheim.de\/wp-content\/uploads\/DSC_0003_klein-3-300x179.jpg 300w\" sizes=\"auto, (max-width: 620px) 100vw, 620px\" \/><\/figure><div class=\"wp-block-media-text__content\">\n<p><strong>Unsere Anschrift<\/strong><br>Ev. Chrischona Gemeinde Altheim\/Alb<br>Brunnengasse 3<br>89174 Altheim\/Alb<\/p>\n\n\n\n<p>Da wir uns ausschlie\u00dflich \u00fcber Spenden finanzieren und keinerlei Zusch\u00fcsse bekommen, sind wir darauf angewiesen, dass das Geld f\u00fcr unsere Ausgaben durch Mitglieder und Freunde unserer Gemeinde abgedeckt wird.<br><br><strong>Unsere Kontodaten:<\/strong><br>IBAN: DE39 6006 9066 0210 1440 09<br>BIC: GENODES1RBA<br>Raiffeisenbank Niedere Alb<\/p>\n\n\n\n<p><a href=\"mailto:info@chrischona-altheim\">Email: info(\u00e4t)chrischona-altheim.de<\/a><br><a href=\"https:\/\/www.youtube.com\/channel\/UC7QsqKjtmeBqylNnwXrZ1gw\">YouTube Channel<\/a> <\/p>\n<\/div><\/div>\n","protected":false},"excerpt":{"rendered":"<p>Unsere AnschriftEv. Chrischona Gemeinde Altheim\/AlbBrunnengasse 389174 Altheim\/Alb Da wir uns ausschlie\u00dflich \u00fcber Spenden finanzieren und keinerlei Zusch\u00fcsse bekommen, sind wir darauf angewiesen, dass das Geld f\u00fcr unsere Ausgaben durch Mitglieder und Freunde unserer Gemeinde abgedeckt wird. Unsere Kontodaten:IBAN: DE39 6006 &#8230;<\/p>\n","protected":false},"author":1,"featured_media":0,"parent":0,"menu_order":0,"comment_status":"closed","ping_status":"closed","template":"","meta":{"_acf_changed":false,"advgb_blocks_editor_width":"","advgb_blocks_columns_visual_guide":"","footnotes":""},"class_list":["post-44","page","type-page","status-publish","hentry"],"acf":[],"coauthors":[],"author_meta":{"author_link":"https:\/\/backup.chrischona-altheim.de\/?author=1","display_name":"Steph"},"relative_dates":{"created":"Posted 10\u00a0Jahren ago","modified":"Updated 1\u00a0Jahr ago"},"absolute_dates":{"created":"Posted on 5. Mai 2016","modified":"Updated on 6. Februar 2025"},"absolute_dates_time":{"created":"Posted on 5. Mai 2016 17:30","modified":"Updated on 6. Februar 2025 9:12"},"featured_img_caption":"","featured_img":false,"series_order":"","_links":{"self":[{"href":"https:\/\/backup.chrischona-altheim.de\/index.php?rest_route=\/wp\/v2\/pages\/44","targetHints":{"allow":["GET"]}}],"collection":[{"href":"https:\/\/backup.chrischona-altheim.de\/index.php?rest_route=\/wp\/v2\/pages"}],"about":[{"href":"https:\/\/backup.chrischona-altheim.de\/index.php?rest_route=\/wp\/v2\/types\/page"}],"author":[{"embeddable":true,"href":"https:\/\/backup.chrischona-altheim.de\/index.php?rest_route=\/wp\/v2\/users\/1"}],"replies":[{"embeddable":true,"href":"https:\/\/backup.chrischona-altheim.de\/index.php?rest_route=%2Fwp%2Fv2%2Fcomments&post=44"}],"version-history":[{"count":30,"href":"https:\/\/backup.chrischona-altheim.de\/index.php?rest_route=\/wp\/v2\/pages\/44\/revisions"}],"predecessor-version":[{"id":6678,"href":"https:\/\/backup.chrischona-altheim.de\/index.php?rest_route=\/wp\/v2\/pages\/44\/revisions\/6678"}],"wp:attachment":[{"href":"https:\/\/backup.chrischona-altheim.de\/index.php?rest_route=%2Fwp%2Fv2%2Fmedia&parent=44"}],"curies":[{"name":"wp","href":"https:\/\/api.w.org\/{rel}","templated":true}]}}